{"id":7371,"date":"2019-12-06T09:54:25","date_gmt":"2019-12-06T08:54:25","guid":{"rendered":"https:\/\/www.rexor.com\/?page_id=7371"},"modified":"2026-03-25T08:56:04","modified_gmt":"2026-03-25T07:56:04","slug":"food-barrier-film-rexfilm","status":"publish","type":"page","link":"https:\/\/rexor.com\/en\/food-barrier-film-rexfilm\/","title":{"rendered":"Food barrier film: REXFILM \u00ae"},"content":{"rendered":"<div class=\"wpb-content-wrapper\"><p>[vc_row][vc_column]<div class=\"templatera_shortcode\"><div class=\"vc_row wpb_row vc_row-fluid banner\"><div class=\"wpb_column vc_column_container vc_col-sm-12\"><div class=\"vc_column-inner\"><div class=\"wpb_wrapper\">\n\t<div class=\"wpb_text_column wpb_content_element  text_banner\" >\n\t\t<div class=\"wpb_wrapper\">\n\t\t\t<h4 class=\"fancy-subtitle start-animation-done start-animation\" style=\"text-align: center;\"><strong><span style=\"color: #2c3a93;\">Innovative functions on flexible substrates<\/span><\/strong><\/h4>\n\n\t\t<\/div>\n\t<\/div>\n<\/div><\/div><\/div><\/div><!-- Row Backgrounds --><div class=\"upb_bg_img\" data-ultimate-bg=\"url(https:\/\/rexor.com\/wp-content\/uploads\/2019\/11\/fond-rexor-2.png)\" data-image-id=\"id^6856|url^https:\/\/www.rexor.com\/wp-content\/uploads\/2019\/11\/fond-rexor-2.png|caption^null|alt^null|title^fond-rexor-2|description^null\" data-ultimate-bg-style=\"vcpb-default\" data-bg-img-repeat=\"no-repeat\" data-bg-img-size=\"initial\" data-bg-img-position=\"\" data-parallx_sense=\"30\" data-bg-override=\"full\" data-bg_img_attach=\"scroll\" data-upb-overlay-color=\"\" data-upb-bg-animation=\"\" data-fadeout=\"\" data-bg-animation=\"left-animation\" data-bg-animation-type=\"h\" data-animation-repeat=\"repeat\" data-fadeout-percentage=\"30\" data-parallax-content=\"\" data-parallax-content-sense=\"30\" data-row-effect-mobile-disable=\"true\" data-img-parallax-mobile-disable=\"true\" data-rtl=\"false\"  data-custom-vc-row=\"\"  data-vc=\"8.7.2\"  data-is_old_vc=\"\"  data-theme-support=\"\"   data-overlay=\"false\" data-overlay-color=\"\" data-overlay-pattern=\"\" data-overlay-pattern-opacity=\"\" data-overlay-pattern-size=\"\"    ><\/div><\/div>[\/vc_column][\/vc_row][vc_row rt_row_background_width=&#8221;default&#8221; rt_row_style=&#8221;default-style&#8221; rt_row_borders=&#8221;&#8221; rt_row_paddings=&#8221;true&#8221; rt_bg_effect=&#8221;classic&#8221; rt_bg_image_repeat=&#8221;repeat&#8221; rt_bg_size=&#8221;cover&#8221; rt_bg_position=&#8221;right top&#8221; rt_bg_attachment=&#8221;scroll&#8221; rt_bg_video_format=&#8221;self-hosted&#8221;][vc_column]<div id=\"ultimate-heading-719769f43c5dd5c09\" class=\"uvc-heading ult-adjust-bottom-margin ultimate-heading-719769f43c5dd5c09 uvc-5195 \" data-hspacer=\"no_spacer\"  data-halign=\"left\" style=\"text-align:left\"><div class=\"uvc-heading-spacer no_spacer\" style=\"top\"><\/div><div class=\"uvc-main-heading ult-responsive\"  data-ultimate-target='.uvc-heading.ultimate-heading-719769f43c5dd5c09 h2'  data-responsive-json-new='{\"font-size\":\"desktop:50px;\",\"line-height\":\"\"}' ><h2 style=\"font-family:&#039;Titillium Web&#039;;font-weight:300;color:#1d73be;\">Food barrier film: REXFILM \u00ae<\/h2><\/div><div class=\"uvc-sub-heading ult-responsive\"  data-ultimate-target='.uvc-heading.ultimate-heading-719769f43c5dd5c09 .uvc-sub-heading '  data-responsive-json-new='{\"font-size\":\"\",\"line-height\":\"\"}'  style=\"font-weight:normal;\"><img decoding=\"async\" class=\"alignleft size-full wp-image-6823\" src=\"https:\/\/www.rexor.com\/wp-content\/uploads\/2019\/11\/spacer.png\" alt=\"\" width=\"66\" height=\"9\" \/><\/p>\n<p>&nbsp;<\/p>\n<p>Rexor offers a wide range of\u00a0<strong>metallized films<\/strong><span id=\"tr_0\" class=\"tr_\" data-source=\"\" data-orig=\". Ces films peuvent \u00eatre lamin\u00e9s sur des supports papier, carton ou APET pour la r\u00e9alisation d\u2019assiettes ou de plateaux. Ces films sont aptes au process de\">. These films can be laminated on paper supports, cardboard or APET for the manufacturing of plates or trays.\u00a0 They fit for the<\/span>\u00a0<strong>thermoforming process<\/strong> and can be <strong>printed.<\/strong><\/div><\/div>[vc_separator style=&#8221;style-3&#8243;][\/vc_column][vc_column width=&#8221;3\/4&#8243; rt_wrp_col_paddings=&#8221;false&#8221; rt_border_top=&#8221;&#8221; rt_border_bottom=&#8221;&#8221; rt_border_left=&#8221;&#8221; rt_border_right=&#8221;&#8221; rt_border_top_mobile=&#8221;&#8221; rt_border_bottom_mobile=&#8221;&#8221; rt_border_left_mobile=&#8221;&#8221; rt_border_right_mobile=&#8221;&#8221; rt_bg_image_repeat=&#8221;repeat&#8221; rt_bg_size=&#8221;auto auto&#8221; rt_bg_position=&#8221;right top&#8221; rt_bg_attachment=&#8221;scroll&#8221;][vc_single_image image=&#8221;7238&#8243; img_size=&#8221;full&#8221; alignment=&#8221;center&#8221; style=&#8221;vc_box_shadow_3d&#8221;][vc_column_text]All our films are suitable for direct food contact and meet the French, European and American norms (EC, FDA).<\/p>\n<p>These\u00a0<strong>metallized films<\/strong>\u00a0<strong>barrier<\/strong>\u00a0properties against oxygen and water vapor can be laminated with polyolefin films (HDPE, LDPE, PP, CPP &#8230;).<\/p>\n<p>Our range REXFILM\u00ae can be <strong>transparent<\/strong> plastic films\u00a0 (AlOx basis),\u00a0<strong>plastic films<\/strong>\u00a0<strong>silver<\/strong>\u00a0or\u00a0<strong>plastic films<\/strong>\u00a0<strong>gold color<\/strong><span id=\"tr_1\" class=\"tr_\" data-source=\"0\" data-orig=\".\">.<\/span>[\/vc_column_text][\/vc_column][vc_column width=&#8221;1\/4&#8243; rt_wrp_col_paddings=&#8221;false&#8221; rt_border_top=&#8221;&#8221; rt_border_bottom=&#8221;&#8221; rt_border_left=&#8221;&#8221; rt_border_right=&#8221;&#8221; rt_border_top_mobile=&#8221;&#8221; rt_border_bottom_mobile=&#8221;&#8221; rt_border_left_mobile=&#8221;&#8221; rt_border_right_mobile=&#8221;&#8221; rt_bg_image_repeat=&#8221;repeat&#8221; rt_bg_size=&#8221;auto auto&#8221; rt_bg_position=&#8221;right top&#8221; rt_bg_attachment=&#8221;scroll&#8221; css=&#8221;.vc_custom_1574522185844{border-left-width: 1px !important;padding-right: 15px !important;padding-left: 15px !important;border-left-color: #efefef !important;border-left-style: solid !important;border-radius: 1px !important;}&#8221;][ucaddon_uc_starter_team_member border_color=&#8221;#fff&#8221; designation=&#8221;Your contact&#8221; name=&#8221;Laurence Touillon&#8221; name_color=&#8221;#424242&#8243; iamge=&#8221;7321&#8243;]JTNDcCUyMHN0eWxlJTNEJTIydGV4dC1hbGlnbiUzQSUyMGNlbnRlciUzQiUyMiUzRUZyYW5jZSUyQyUyMFNwYWluJTJDJTIwTWlkZGxlJTIwRWFzdCUyMCUyNmFtcCUzQiUyME5vcnRoJTIwQWZyaWNhJTNDJTJGcCUzRSUzQ3AlMjBzdHlsZSUzRCUyMnRleHQtYWxpZ24lM0ElMjBjZW50ZXIlM0IlMjIlM0UlM0NhJTIwaHJlZiUzRCUyMm1haWx0byUzQUxhdXJlbmNlLnRvdWlsbG9uJTQwcmV4b3IuY29tJTIyJTNFTGF1cmVuY2UudG91aWxsb24lNDByZXhvci5jb20lM0MlMkZhJTNFJTNDYnIlMjAlMkYlM0UlMkIlMjAzMyUyMCUyODAlMjk3LjYxLjE5LjcwLjg1JTNDJTJGcCUzRQ==[\/ucaddon_uc_starter_team_member]<div class=\" ubtn-ctn-center \"><a class=\"ubtn-link ult-adjust-bottom-margin ubtn-center ubtn-small \" href=\"https:\/\/en.rexor.com\/form-range-barrier-film-rexfilm\/\" target=\"_blank\" rel=\"noopener\" ><button type=\"button\" id=\"ubtn-7798\"  class=\"ubtn ult-adjust-bottom-margin ult-responsive ubtn-small ubtn-no-hover-bg  none  ubtn-center   tooltip-69f43c5dd5ca3\"  data-hover=\"#0d2e86\" data-border-color=\"\" data-bg=\"#0d2e86\" data-hover-bg=\"#e2e2e2\" data-border-hover=\"\" data-shadow-hover=\"\" data-shadow-click=\"none\" data-shadow=\"\" data-shd-shadow=\"\"  data-ultimate-target='#ubtn-7798'  data-responsive-json-new='{\"font-size\":\"\",\"line-height\":\"\"}'  style=\"font-weight:normal;border:none;background: #0d2e86;color: #ffffff;\"><span class=\"ubtn-hover\" style=\"background-color:#e2e2e2\"><\/span><span class=\"ubtn-data ubtn-text \" >Download documentation<\/span><\/button><\/a><\/div>[vc_separator][\/vc_column][\/vc_row][vc_row][vc_column width=&#8221;1\/3&#8243;][vc_column_text css=&#8221;&#8221;]<\/p>\n<p style=\"text-align: center;\">REXOR is certified<\/p>\n<p>[\/vc_column_text]<div id=\"uvc-type-wrap-7112\"  data-ultimate-target='#uvc-type-wrap-7112'  data-responsive-json-new='{\"font-size\":\"desktop:40px;mobile_landscape:20px;mobile:20px;\",\"line-height\":\"\"}'  class=\"uvc-type-wrap  ult-adjust-bottom-margin ult-responsive  uvc-type-align-center uvc-type-no-prefix uvc-wrap-385889638269f43c5dd5d17\" style=\"text-align:center;\"><span id=\"typed-385889638269f43c5dd5d17\" class=\"ultimate-typed-main \" style=\"color:#1E73BE; font-family:&#039;Titillium Web&#039;;font-weight:900; text-transform: unset;\"><\/span><script type=\"text\/javascript\">\n\t\t\t\t\t\tjQuery(function($){ \n\t\t\t\t\t\t\t$(document).ready(function(){\n\t\t\t\t\t\t\t\tif( typeof jQuery(\"#typed-385889638269f43c5dd5d17\").typed == \"function\"){\n\t\t\t\t\t\t\t\t\t$(\"#typed-385889638269f43c5dd5d17\").typed({\n\t\t\t\t\t\t\t\t\t\tstrings: [\"BRC !\"],\n\t\t\t\t\t\t\t\t\t\ttypeSpeed: 30,\n\t\t\t\t\t\t\t\t\t\tbackSpeed: 0,\n\t\t\t\t\t\t\t\t\t\tstartDelay: \"200\",\n\t\t\t\t\t\t\t\t\t\tbackDelay: \"1500\",\n\t\t\t\t\t\t\t\t\t\tloop: true,\n\t\t\t\t\t\t\t\t\t\tloopCount: false,\n\t\t\t\t\t\t\t\t\t\tshowCursor: true,\n\t\t\t\t\t\t\t\t\t\tcursorChar: \"|\",\n\t\t\t\t\t\t\t\t\t\tattr: null\n\t\t\t\t\t\t\t\t\t});\n\t\t\t\t\t\t\t\t}\n\t\t\t\t\t\t\t});\n\t\t\t\t\t\t});\n\t\t\t\t\t<\/script><\/div>[vc_column_text css=&#8221;&#8221;]<\/p>\n<h6 style=\"text-align: center;\">Find more at the bottom of the page<\/h6>\n<p>[\/vc_column_text][\/vc_column][vc_column width=&#8221;1\/3&#8243;][vc_cta h2=&#8221;&#8221; h2_font_container=&#8221;font_size:15&#8243; h2_google_fonts=&#8221;font_family:Raleway%3A100%2C200%2C300%2Cregular%2C500%2C600%2C700%2C800%2C900|font_style:400%20regular%3A400%3Anormal&#8221; txt_align=&#8221;center&#8221; style=&#8221;flat&#8221; color=&#8221;white&#8221; use_custom_fonts_h2=&#8221;true&#8221;]<\/p>\n<p style=\"text-align: center;\"><a href=\"https:\/\/plastic-film-converter.rexor.com\/les-barrieres-transparentes.html\">Transparent barriers<\/a><\/p>\n<p style=\"text-align: center;\"><a href=\"https:\/\/plastic-film-converter.rexor.com\/pourquoi-les-fonctions-barrieres-sont-elles-si-importantes.html\">Why are the barriers functions so important?<\/a><\/p>\n<p style=\"text-align: center;\"><a href=\"https:\/\/plastic-film-converter.rexor.com\/le-remplacement-de-la-feuille-daluminium-est-il-ineluctable.html\">Is the replacement of the aluminum foil inevitable?<\/a><\/p>\n<p style=\"text-align: center;\"><a href=\"https:\/\/plastic-film-converter.rexor.com\/les-3-meilleures-solutions-pour-remplacer-la-feuille-daluminium.html\">The 3 best solutions to replace aluminum foil<\/a><\/p>\n<p>[\/vc_cta][\/vc_column][vc_column width=&#8221;1\/3&#8243;][vc_single_image image=&#8221;13799&#8243; alignment=&#8221;center&#8221; onclick=&#8221;custom_link&#8221; img_link_target=&#8221;_blank&#8221; css=&#8221;&#8221; link=&#8221;https:\/\/ecovadis.com&#8221;]<div id=\"uvc-type-wrap-4381\"  data-ultimate-target='#uvc-type-wrap-4381'  data-responsive-json-new='{\"font-size\":\"desktop:18px;mobile_landscape:20px;mobile:20px;\",\"line-height\":\"\"}'  class=\"uvc-type-wrap  ult-adjust-bottom-margin ult-responsive  uvc-type-align-center  uvc-wrap-363788362069f43c5dd5e5a\" style=\"text-align:center;\"><span  data-ultimate-target='#uvc-type-wrap-4381 .mycustfancy'  data-responsive-json-new='{\"font-size\":\"desktop:18px;mobile_landscape:20px;mobile:20px;\",\"line-height\":\"\"}'  class=\"ultimate-typewriter-prefix mycustfancy ult-responsive\" style=\"font-family:&#039;Titillium Web&#039;;font-weight:300;color:#544d45; text-transform: unset;\">CSR Rating Ecovadis<\/span><span id=\"typed-363788362069f43c5dd5e5a\" class=\"ultimate-typed-main \" style=\"color:#bcbcbc; font-family:&#039;Titillium Web&#039;;font-weight:600; text-transform: unset;\"><\/span><script type=\"text\/javascript\">\n\t\t\t\t\t\tjQuery(function($){ \n\t\t\t\t\t\t\t$(document).ready(function(){\n\t\t\t\t\t\t\t\tif( typeof jQuery(\"#typed-363788362069f43c5dd5e5a\").typed == \"function\"){\n\t\t\t\t\t\t\t\t\t$(\"#typed-363788362069f43c5dd5e5a\").typed({\n\t\t\t\t\t\t\t\t\t\tstrings: [\"66\/100 SILVER !\"],\n\t\t\t\t\t\t\t\t\t\ttypeSpeed: 35,\n\t\t\t\t\t\t\t\t\t\tbackSpeed: 0,\n\t\t\t\t\t\t\t\t\t\tstartDelay: \"200\",\n\t\t\t\t\t\t\t\t\t\tbackDelay: \"1500\",\n\t\t\t\t\t\t\t\t\t\tloop: true,\n\t\t\t\t\t\t\t\t\t\tloopCount: false,\n\t\t\t\t\t\t\t\t\t\tshowCursor: true,\n\t\t\t\t\t\t\t\t\t\tcursorChar: \"|\",\n\t\t\t\t\t\t\t\t\t\tattr: null\n\t\t\t\t\t\t\t\t\t});\n\t\t\t\t\t\t\t\t}\n\t\t\t\t\t\t\t});\n\t\t\t\t\t\t});\n\t\t\t\t\t<\/script><\/div>[\/vc_column][\/vc_row]<\/p>\n<\/div>","protected":false},"excerpt":{"rendered":"<p>Innovative functions on flexible substrates Food barrier film: REXFILM \u00ae &nbsp; Rexor offers a wide range of\u00a0metallized films. These films can be laminated on paper supports, cardboard or APET for the manufacturing of plates or trays.\u00a0 They fit for the\u00a0thermoforming process and can be printed. All our films are suitable for direct food contact and&hellip;<\/p>\n","protected":false},"author":2,"featured_media":0,"parent":0,"menu_order":0,"comment_status":"closed","ping_status":"closed","template":"template-packaging.php","meta":{"footnotes":""},"class_list":["post-7371","page","type-page","status-publish","hentry","description-off"],"aioseo_notices":[],"_links":{"self":[{"href":"https:\/\/rexor.com\/en\/wp-json\/wp\/v2\/pages\/7371","targetHints":{"allow":["GET"]}}],"collection":[{"href":"https:\/\/rexor.com\/en\/wp-json\/wp\/v2\/pages"}],"about":[{"href":"https:\/\/rexor.com\/en\/wp-json\/wp\/v2\/types\/page"}],"author":[{"embeddable":true,"href":"https:\/\/rexor.com\/en\/wp-json\/wp\/v2\/users\/2"}],"replies":[{"embeddable":true,"href":"https:\/\/rexor.com\/en\/wp-json\/wp\/v2\/comments?post=7371"}],"version-history":[{"count":0,"href":"https:\/\/rexor.com\/en\/wp-json\/wp\/v2\/pages\/7371\/revisions"}],"wp:attachment":[{"href":"https:\/\/rexor.com\/en\/wp-json\/wp\/v2\/media?parent=7371"}],"curies":[{"name":"wp","href":"https:\/\/api.w.org\/{rel}","templated":true}]}}